{"id":18648,"date":"2025-12-10T20:23:54","date_gmt":"2025-12-10T23:23:54","guid":{"rendered":"https:\/\/www.hidrocentro.cl\/collin\/?post_type=product&#038;p=18648"},"modified":"2026-03-12T17:31:12","modified_gmt":"2026-03-12T20:31:12","slug":"bomba-pedr-cpm-158-1hp-220v-1x1-koslan","status":"publish","type":"product","link":"https:\/\/www.hidrocentro.cl\/collin\/producto\/bomba-pedr-cpm-158-1hp-220v-1x1-koslan\/","title":{"rendered":"Bomba Pedr. Cpm 158 1Hp 220V 1X1 Koslan"},"content":{"rendered":"<ul>\n<li>Modelo \/ Descripci\u00f3n: CPm158<\/li>\n<li>HP: 1<\/li>\n<li>Altura max (mts): 34<\/li>\n<li>Caudal Mx: 90<\/li>\n<li>Succi\u00f3n max (mts): 7<\/li>\n<li>Voltaje: 220V<\/li>\n<li>Amp: 6<\/li>\n<li>Diametro: 1&#8243;x1&#8243;<\/li>\n<li>Certificaci\u00f3n: Curvas certificadas ISO 9906<\/li>\n<li>Eficiencia energ\u00e9tica: S\u00cd<\/li>\n<\/ul>\n","protected":false},"excerpt":{"rendered":"<p>Modelo \/ Descripci\u00f3n: CPm158 HP: 1 Altura max (mts): 34 Caudal Mx: 90 Succi\u00f3n max (mts): 7 Voltaje: 220V Amp: 6 Diametro: 1&#8243;x1&#8243; Certificaci\u00f3n: Curvas certificadas ISO 9906 Eficiencia energ\u00e9tica: [&hellip;]<\/p>\n","protected":false},"featured_media":18669,"comment_status":"open","ping_status":"closed","template":"","meta":[],"class_list":["post-18648","product","type-product","status-publish","has-post-thumbnail","hentry","product_cat-centrifugas"],"_links":{"self":[{"href":"https:\/\/www.hidrocentro.cl\/collin\/wp-json\/wp\/v2\/product\/18648"}],"collection":[{"href":"https:\/\/www.hidrocentro.cl\/collin\/wp-json\/wp\/v2\/product"}],"about":[{"href":"https:\/\/www.hidrocentro.cl\/collin\/wp-json\/wp\/v2\/types\/product"}],"replies":[{"embeddable":true,"href":"https:\/\/www.hidrocentro.cl\/collin\/wp-json\/wp\/v2\/comments?post=18648"}],"wp:featuredmedia":[{"embeddable":true,"href":"https:\/\/www.hidrocentro.cl\/collin\/wp-json\/wp\/v2\/media\/18669"}],"wp:attachment":[{"href":"https:\/\/www.hidrocentro.cl\/collin\/wp-json\/wp\/v2\/media?parent=18648"}],"curies":[{"name":"wp","href":"https:\/\/api.w.org\/{rel}","templated":true}]}}