{"id":22800,"date":"2025-12-10T20:56:08","date_gmt":"2025-12-10T23:56:08","guid":{"rendered":"https:\/\/www.hidrocentro.cl\/collin\/?post_type=product&#038;p=22800"},"modified":"2025-12-10T20:56:14","modified_gmt":"2025-12-10T23:56:14","slug":"camara-distribuidora-de-drenes-170-l-amerplast","status":"publish","type":"product","link":"https:\/\/www.hidrocentro.cl\/collin\/producto\/camara-distribuidora-de-drenes-170-l-amerplast\/","title":{"rendered":"C\u00e1mara Distribuidora De Drenes 170 L Amerplast"},"content":{"rendered":"<div id=\"div_block-97-79\" class=\"ct-div-block\">\n<div id=\"div_block-39-79\" class=\"ct-div-block\">\n<div id=\"text_block-40-79\" class=\"ct-text-block\">DIMENSIONES<\/div>\n<div id=\"text_block-41-79\" class=\"ct-text-block\">\n<ul>\n<li>Altura sin tapa: 600 mm<\/li>\n<li>Di\u00e1metro: 607 mm<\/li>\n<li>Tipo tapa: Rosca 600 mm (altura tapa 60 mm)<\/li>\n<\/ul>\n<\/div>\n<\/div>\n<div id=\"div_block-36-79\" class=\"ct-div-block\">\n<div id=\"text_block-37-79\" class=\"ct-text-block\">CARACTER\u00cdSTICAS<\/div>\n<div id=\"text_block-38-79\" class=\"ct-text-block\">\n<ul>\n<li>C\u00e1mara con una entrada y 3 salidas<\/li>\n<li>Sellos de goma de 110 mm<\/li>\n<li>Entradas y salidas para tuber\u00eda PVC 110 mm<\/li>\n<li>Compatible con elevador de registro modelo ERG-6007<\/li>\n<\/ul>\n<\/div>\n<\/div>\n<\/div>\n","protected":false},"excerpt":{"rendered":"<p>DIMENSIONES Altura sin tapa: 600 mm Di\u00e1metro: 607 mm Tipo tapa: Rosca 600 mm (altura tapa 60 mm) CARACTER\u00cdSTICAS C\u00e1mara con una entrada y 3 salidas Sellos de goma de [&hellip;]<\/p>\n","protected":false},"featured_media":22826,"comment_status":"open","ping_status":"closed","template":"","meta":[],"class_list":["post-22800","product","type-product","status-publish","has-post-thumbnail","hentry","product_cat-camaras-para-fosas"],"_links":{"self":[{"href":"https:\/\/www.hidrocentro.cl\/collin\/wp-json\/wp\/v2\/product\/22800"}],"collection":[{"href":"https:\/\/www.hidrocentro.cl\/collin\/wp-json\/wp\/v2\/product"}],"about":[{"href":"https:\/\/www.hidrocentro.cl\/collin\/wp-json\/wp\/v2\/types\/product"}],"replies":[{"embeddable":true,"href":"https:\/\/www.hidrocentro.cl\/collin\/wp-json\/wp\/v2\/comments?post=22800"}],"wp:featuredmedia":[{"embeddable":true,"href":"https:\/\/www.hidrocentro.cl\/collin\/wp-json\/wp\/v2\/media\/22826"}],"wp:attachment":[{"href":"https:\/\/www.hidrocentro.cl\/collin\/wp-json\/wp\/v2\/media?parent=22800"}],"curies":[{"name":"wp","href":"https:\/\/api.w.org\/{rel}","templated":true}]}}