{"id":23650,"date":"2025-12-10T21:02:45","date_gmt":"2025-12-11T00:02:45","guid":{"rendered":"https:\/\/www.hidrocentro.cl\/collin\/?post_type=product&#038;p=23650"},"modified":"2025-12-10T21:03:03","modified_gmt":"2025-12-11T00:03:03","slug":"kit-completo-para-fosa-2400-amerplast","status":"publish","type":"product","link":"https:\/\/www.hidrocentro.cl\/collin\/producto\/kit-completo-para-fosa-2400-amerplast\/","title":{"rendered":"Kit Completo Para Fosa 2400 Amerplast"},"content":{"rendered":"<div id=\"text_block-38-79\" class=\"ct-text-block\">\n<p>Incluye<\/p>\n<ul>\n<li>1 c\u00e1mara desgrasadora 170 Lts.<\/li>\n<li>1 c\u00e1mara de inspecci\u00f3n.<\/li>\n<li>1 distribuidor de drenes 100 Lts.<\/li>\n<li>25 m de geotextil (0,8 m de ancho).<\/li>\n<li>25 m de tuber\u00eda de drenaje corrugada de 110 mm.<\/li>\n<\/ul>\n<\/div>\n","protected":false},"excerpt":{"rendered":"<p>Incluye 1 c\u00e1mara desgrasadora 170 Lts. 1 c\u00e1mara de inspecci\u00f3n. 1 distribuidor de drenes 100 Lts. 25 m de geotextil (0,8 m de ancho). 25 m de tuber\u00eda de drenaje [&hellip;]<\/p>\n","protected":false},"featured_media":23678,"comment_status":"open","ping_status":"closed","template":"","meta":[],"class_list":["post-23650","product","type-product","status-publish","has-post-thumbnail","hentry","product_cat-camaras-para-fosas"],"_links":{"self":[{"href":"https:\/\/www.hidrocentro.cl\/collin\/wp-json\/wp\/v2\/product\/23650"}],"collection":[{"href":"https:\/\/www.hidrocentro.cl\/collin\/wp-json\/wp\/v2\/product"}],"about":[{"href":"https:\/\/www.hidrocentro.cl\/collin\/wp-json\/wp\/v2\/types\/product"}],"replies":[{"embeddable":true,"href":"https:\/\/www.hidrocentro.cl\/collin\/wp-json\/wp\/v2\/comments?post=23650"}],"wp:featuredmedia":[{"embeddable":true,"href":"https:\/\/www.hidrocentro.cl\/collin\/wp-json\/wp\/v2\/media\/23678"}],"wp:attachment":[{"href":"https:\/\/www.hidrocentro.cl\/collin\/wp-json\/wp\/v2\/media?parent=23650"}],"curies":[{"name":"wp","href":"https:\/\/api.w.org\/{rel}","templated":true}]}}