{"id":23894,"date":"2025-12-10T21:04:42","date_gmt":"2025-12-11T00:04:42","guid":{"rendered":"https:\/\/www.hidrocentro.cl\/collin\/?post_type=product&#038;p=23894"},"modified":"2026-03-20T19:47:19","modified_gmt":"2026-03-20T22:47:19","slug":"cuerpo-pop-up-1804-raind-bird","status":"publish","type":"product","link":"https:\/\/www.hidrocentro.cl\/collin\/producto\/cuerpo-pop-up-1804-raind-bird\/","title":{"rendered":"Cuerpo Pop Up 1804 Raind Bird"},"content":{"rendered":"<p>Entrada hembra roscada NPT de 1\/2&#8243; (15\/21)<\/p>\n<p>Modelo 1804: 6&#8243; (15.2 cm) de altura del cuerpo; 4&#8243; de altura del v\u00e1stago retr\u00e1ctil (10.2 cm)<\/p>\n<p>Di\u00e1metro de superficie expuesta: 2 1\/4&#8243; (5.7 cm)<\/p>\n","protected":false},"excerpt":{"rendered":"<p>Entrada hembra roscada NPT de 1\/2&#8243; (15\/21) Modelo 1804: 6&#8243; (15.2 cm) de altura del cuerpo; 4&#8243; de altura del v\u00e1stago retr\u00e1ctil (10.2 cm) Di\u00e1metro de superficie expuesta: 2 1\/4&#8243; [&hellip;]<\/p>\n","protected":false},"featured_media":23949,"comment_status":"open","ping_status":"closed","template":"","meta":[],"class_list":["post-23894","product","type-product","status-publish","has-post-thumbnail","hentry","product_cat-aspersores-pop-up"],"_links":{"self":[{"href":"https:\/\/www.hidrocentro.cl\/collin\/wp-json\/wp\/v2\/product\/23894"}],"collection":[{"href":"https:\/\/www.hidrocentro.cl\/collin\/wp-json\/wp\/v2\/product"}],"about":[{"href":"https:\/\/www.hidrocentro.cl\/collin\/wp-json\/wp\/v2\/types\/product"}],"replies":[{"embeddable":true,"href":"https:\/\/www.hidrocentro.cl\/collin\/wp-json\/wp\/v2\/comments?post=23894"}],"wp:featuredmedia":[{"embeddable":true,"href":"https:\/\/www.hidrocentro.cl\/collin\/wp-json\/wp\/v2\/media\/23949"}],"wp:attachment":[{"href":"https:\/\/www.hidrocentro.cl\/collin\/wp-json\/wp\/v2\/media?parent=23894"}],"curies":[{"name":"wp","href":"https:\/\/api.w.org\/{rel}","templated":true}]}}