{"id":19103,"date":"2026-01-22T10:13:39","date_gmt":"2026-01-22T13:13:39","guid":{"rendered":"https:\/\/www.hidrocentro.cl\/importadora\/?post_type=product&#038;p=19103"},"modified":"2026-01-22T10:13:53","modified_gmt":"2026-01-22T13:13:53","slug":"bomba-pedr-cpm-220c-3hp-220v-2x2-koslan","status":"publish","type":"product","link":"https:\/\/www.hidrocentro.cl\/importadora\/producto\/bomba-pedr-cpm-220c-3hp-220v-2x2-koslan\/","title":{"rendered":"Bomba Pedr. Cpm 220C 3Hp 220V 2X2 Koslan"},"content":{"rendered":"<ul>\n<li>Modelo \/ Descripci\u00f3n: CPm 220C<\/li>\n<li>HP: 3<\/li>\n<li>Altura max (mts): 32<\/li>\n<li>Caudal Mx: 450<\/li>\n<li>Succi\u00f3n max (mts): 7<\/li>\n<li>Voltaje: 220V<\/li>\n<li>Amp: 15.8<\/li>\n<li>Diametro: 2&#8243;x2&#8243;<\/li>\n<li>Certificaci\u00f3n: Curvas certificadas ISO 9906<\/li>\n<li>Eficiencia energ\u00e9tica: S\u00cd<\/li>\n<\/ul>\n","protected":false},"excerpt":{"rendered":"<p>Modelo \/ Descripci\u00f3n: CPm 220C HP: 3 Altura max (mts): 32 Caudal Mx: 450 Succi\u00f3n max (mts): 7 Voltaje: 220V Amp: 15.8 Diametro: 2&#8243;x2&#8243; Certificaci\u00f3n: Curvas certificadas ISO 9906 Eficiencia [&hellip;]<\/p>\n","protected":false},"featured_media":11558,"comment_status":"open","ping_status":"closed","template":"","meta":[],"class_list":["post-19103","product","type-product","status-publish","has-post-thumbnail","hentry","product_cat-centrifugas"],"_links":{"self":[{"href":"https:\/\/www.hidrocentro.cl\/importadora\/wp-json\/wp\/v2\/product\/19103"}],"collection":[{"href":"https:\/\/www.hidrocentro.cl\/importadora\/wp-json\/wp\/v2\/product"}],"about":[{"href":"https:\/\/www.hidrocentro.cl\/importadora\/wp-json\/wp\/v2\/types\/product"}],"replies":[{"embeddable":true,"href":"https:\/\/www.hidrocentro.cl\/importadora\/wp-json\/wp\/v2\/comments?post=19103"}],"wp:featuredmedia":[{"embeddable":true,"href":"https:\/\/www.hidrocentro.cl\/importadora\/wp-json\/wp\/v2\/media\/11558"}],"wp:attachment":[{"href":"https:\/\/www.hidrocentro.cl\/importadora\/wp-json\/wp\/v2\/media?parent=19103"}],"curies":[{"name":"wp","href":"https:\/\/api.w.org\/{rel}","templated":true}]}}