{"id":21011,"date":"2025-12-10T20:24:39","date_gmt":"2025-12-10T23:24:39","guid":{"rendered":"https:\/\/www.hidrocentro.cl\/laserena\/?post_type=product&#038;p=21011"},"modified":"2025-12-10T20:24:50","modified_gmt":"2025-12-10T23:24:50","slug":"bomba-pedr-hfm-5a-1-5hp-220v-2x2-koslan","status":"publish","type":"product","link":"https:\/\/www.hidrocentro.cl\/laserena\/producto\/bomba-pedr-hfm-5a-1-5hp-220v-2x2-koslan\/","title":{"rendered":"Bomba Pedr. Hfm 5A 1.5Hp 220V 2X2 Koslan"},"content":{"rendered":"<ul>\n<li>Modelo \/ Descripci\u00f3n: HFm 5A<\/li>\n<li>HP: 1.5<\/li>\n<li>Altura max (mts): 14<\/li>\n<li>Caudal Mx: 600<\/li>\n<li>Succi\u00f3n max (mts): 7<\/li>\n<li>Voltaje: 220V<\/li>\n<li>Amp: 6.2<\/li>\n<li>Diametro: 2&#8243;x2&#8243;<\/li>\n<li>Certificaci\u00f3n: Curvas certificadas ISO 9906<\/li>\n<li>Eficiencia energ\u00e9tica: S\u00cd<\/li>\n<\/ul>\n","protected":false},"excerpt":{"rendered":"<p>Modelo \/ Descripci\u00f3n: HFm 5A HP: 1.5 Altura max (mts): 14 Caudal Mx: 600 Succi\u00f3n max (mts): 7 Voltaje: 220V Amp: 6.2 Diametro: 2&#8243;x2&#8243; Certificaci\u00f3n: Curvas certificadas ISO 9906 Eficiencia [&hellip;]<\/p>\n","protected":false},"featured_media":21032,"comment_status":"open","ping_status":"closed","template":"","meta":[],"class_list":["post-21011","product","type-product","status-publish","has-post-thumbnail","hentry","product_cat-centrifugas"],"_links":{"self":[{"href":"https:\/\/www.hidrocentro.cl\/laserena\/wp-json\/wp\/v2\/product\/21011"}],"collection":[{"href":"https:\/\/www.hidrocentro.cl\/laserena\/wp-json\/wp\/v2\/product"}],"about":[{"href":"https:\/\/www.hidrocentro.cl\/laserena\/wp-json\/wp\/v2\/types\/product"}],"replies":[{"embeddable":true,"href":"https:\/\/www.hidrocentro.cl\/laserena\/wp-json\/wp\/v2\/comments?post=21011"}],"wp:featuredmedia":[{"embeddable":true,"href":"https:\/\/www.hidrocentro.cl\/laserena\/wp-json\/wp\/v2\/media\/21032"}],"wp:attachment":[{"href":"https:\/\/www.hidrocentro.cl\/laserena\/wp-json\/wp\/v2\/media?parent=21011"}],"curies":[{"name":"wp","href":"https:\/\/api.w.org\/{rel}","templated":true}]}}