{"id":21016,"date":"2025-12-10T20:24:40","date_gmt":"2025-12-10T23:24:40","guid":{"rendered":"https:\/\/www.hidrocentro.cl\/laserena\/?post_type=product&#038;p=21016"},"modified":"2025-12-10T20:24:54","modified_gmt":"2025-12-10T23:24:54","slug":"bomba-pedr-hfm-6b-2hp-220v-3x3-koslan","status":"publish","type":"product","link":"https:\/\/www.hidrocentro.cl\/laserena\/producto\/bomba-pedr-hfm-6b-2hp-220v-3x3-koslan\/","title":{"rendered":"Bomba Pedr. Hfm 6B 2Hp 220V 3X3 Koslan"},"content":{"rendered":"<ul>\n<li>Modelo \/ Descripci\u00f3n: HFm 6B<\/li>\n<li>HP: 2<\/li>\n<li>Altura max (mts): 14<\/li>\n<li>Caudal Mx: 1100<\/li>\n<li>Succi\u00f3n max (mts): 7<\/li>\n<li>Voltaje: 220V<\/li>\n<li>Amp: 13.5<\/li>\n<li>Diametro: 3&#8243;x3&#8243;<\/li>\n<li>Certificaci\u00f3n: Curvas certificadas ISO 9906<\/li>\n<li>Eficiencia energ\u00e9tica: S\u00cd<\/li>\n<\/ul>\n","protected":false},"excerpt":{"rendered":"<p>Modelo \/ Descripci\u00f3n: HFm 6B HP: 2 Altura max (mts): 14 Caudal Mx: 1100 Succi\u00f3n max (mts): 7 Voltaje: 220V Amp: 13.5 Diametro: 3&#8243;x3&#8243; Certificaci\u00f3n: Curvas certificadas ISO 9906 Eficiencia [&hellip;]<\/p>\n","protected":false},"featured_media":21037,"comment_status":"open","ping_status":"closed","template":"","meta":[],"class_list":["post-21016","product","type-product","status-publish","has-post-thumbnail","hentry","product_cat-centrifugas"],"_links":{"self":[{"href":"https:\/\/www.hidrocentro.cl\/laserena\/wp-json\/wp\/v2\/product\/21016"}],"collection":[{"href":"https:\/\/www.hidrocentro.cl\/laserena\/wp-json\/wp\/v2\/product"}],"about":[{"href":"https:\/\/www.hidrocentro.cl\/laserena\/wp-json\/wp\/v2\/types\/product"}],"replies":[{"embeddable":true,"href":"https:\/\/www.hidrocentro.cl\/laserena\/wp-json\/wp\/v2\/comments?post=21016"}],"wp:featuredmedia":[{"embeddable":true,"href":"https:\/\/www.hidrocentro.cl\/laserena\/wp-json\/wp\/v2\/media\/21037"}],"wp:attachment":[{"href":"https:\/\/www.hidrocentro.cl\/laserena\/wp-json\/wp\/v2\/media?parent=21016"}],"curies":[{"name":"wp","href":"https:\/\/api.w.org\/{rel}","templated":true}]}}