{"id":21020,"date":"2025-12-10T20:24:40","date_gmt":"2025-12-10T23:24:40","guid":{"rendered":"https:\/\/www.hidrocentro.cl\/laserena\/?post_type=product&#038;p=21020"},"modified":"2025-12-10T20:24:57","modified_gmt":"2025-12-10T23:24:57","slug":"bomba-sum-pedr-dm-10-1hp-220v-koslan","status":"publish","type":"product","link":"https:\/\/www.hidrocentro.cl\/laserena\/producto\/bomba-sum-pedr-dm-10-1hp-220v-koslan\/","title":{"rendered":"Bomba Sum. Pedr. Dm 10 1Hp 220V Koslan"},"content":{"rendered":"<ul>\n<li>Modelo \/ Descripci\u00f3n: Dm10-N<\/li>\n<li>HP: 1<\/li>\n<li>Altura max (mts): 15<\/li>\n<li>Caudal Mx: 325<\/li>\n<li>Voltaje: 220V<\/li>\n<li>Amp: 5.2<\/li>\n<li>Diametro: 1 1\/2&#8243;<\/li>\n<li>Certificaci\u00f3n: Curvas certificadas ISO 9906<\/li>\n<li>Eficiencia energ\u00e9tica: S\u00cd<\/li>\n<li>Paso solidos (mm): 10<\/li>\n<\/ul>\n","protected":false},"excerpt":{"rendered":"<p>Modelo \/ Descripci\u00f3n: Dm10-N HP: 1 Altura max (mts): 15 Caudal Mx: 325 Voltaje: 220V Amp: 5.2 Diametro: 1 1\/2&#8243; Certificaci\u00f3n: Curvas certificadas ISO 9906 Eficiencia energ\u00e9tica: S\u00cd Paso solidos [&hellip;]<\/p>\n","protected":false},"featured_media":21041,"comment_status":"open","ping_status":"closed","template":"","meta":[],"class_list":["post-21020","product","type-product","status-publish","has-post-thumbnail","hentry","product_cat-sumergible-agua-sucia"],"_links":{"self":[{"href":"https:\/\/www.hidrocentro.cl\/laserena\/wp-json\/wp\/v2\/product\/21020"}],"collection":[{"href":"https:\/\/www.hidrocentro.cl\/laserena\/wp-json\/wp\/v2\/product"}],"about":[{"href":"https:\/\/www.hidrocentro.cl\/laserena\/wp-json\/wp\/v2\/types\/product"}],"replies":[{"embeddable":true,"href":"https:\/\/www.hidrocentro.cl\/laserena\/wp-json\/wp\/v2\/comments?post=21020"}],"wp:featuredmedia":[{"embeddable":true,"href":"https:\/\/www.hidrocentro.cl\/laserena\/wp-json\/wp\/v2\/media\/21041"}],"wp:attachment":[{"href":"https:\/\/www.hidrocentro.cl\/laserena\/wp-json\/wp\/v2\/media?parent=21020"}],"curies":[{"name":"wp","href":"https:\/\/api.w.org\/{rel}","templated":true}]}}