{"id":21059,"date":"2025-12-10T20:25:02","date_gmt":"2025-12-10T23:25:02","guid":{"rendered":"https:\/\/www.hidrocentro.cl\/laserena\/?post_type=product&#038;p=21059"},"modified":"2025-12-10T20:25:14","modified_gmt":"2025-12-10T23:25:14","slug":"bomba-sum-pedr-zxm1a-0-85hp-220v-11-2-kosla","status":"publish","type":"product","link":"https:\/\/www.hidrocentro.cl\/laserena\/producto\/bomba-sum-pedr-zxm1a-0-85hp-220v-11-2-kosla\/","title":{"rendered":"Bomba Sum. Pedr. Zxm1A 0.85Hp 220V 11\/2 Kosla"},"content":{"rendered":"<ul>\n<li>Modelo \/ Descripci\u00f3n: ZXm 1A<\/li>\n<li>HP: 0.85<\/li>\n<li>Altura max (mts): 11<\/li>\n<li>Caudal Mx: 400<\/li>\n<li>Voltaje: 220V<\/li>\n<li>Amp: 4.5<\/li>\n<li>Diametro: 1 1\/2&#8243;<\/li>\n<li>Certificaci\u00f3n: Curvas certificadas ISO 9906<\/li>\n<li>Eficiencia energ\u00e9tica: S\u00cd<\/li>\n<li>Paso solidos (mm): 40<\/li>\n<\/ul>\n","protected":false},"excerpt":{"rendered":"<p>Modelo \/ Descripci\u00f3n: ZXm 1A HP: 0.85 Altura max (mts): 11 Caudal Mx: 400 Voltaje: 220V Amp: 4.5 Diametro: 1 1\/2&#8243; Certificaci\u00f3n: Curvas certificadas ISO 9906 Eficiencia energ\u00e9tica: S\u00cd Paso [&hellip;]<\/p>\n","protected":false},"featured_media":21075,"comment_status":"open","ping_status":"closed","template":"","meta":[],"class_list":["post-21059","product","type-product","status-publish","has-post-thumbnail","hentry","product_cat-sumergible-agua-sucia"],"_links":{"self":[{"href":"https:\/\/www.hidrocentro.cl\/laserena\/wp-json\/wp\/v2\/product\/21059"}],"collection":[{"href":"https:\/\/www.hidrocentro.cl\/laserena\/wp-json\/wp\/v2\/product"}],"about":[{"href":"https:\/\/www.hidrocentro.cl\/laserena\/wp-json\/wp\/v2\/types\/product"}],"replies":[{"embeddable":true,"href":"https:\/\/www.hidrocentro.cl\/laserena\/wp-json\/wp\/v2\/comments?post=21059"}],"wp:featuredmedia":[{"embeddable":true,"href":"https:\/\/www.hidrocentro.cl\/laserena\/wp-json\/wp\/v2\/media\/21075"}],"wp:attachment":[{"href":"https:\/\/www.hidrocentro.cl\/laserena\/wp-json\/wp\/v2\/media?parent=21059"}],"curies":[{"name":"wp","href":"https:\/\/api.w.org\/{rel}","templated":true}]}}