{"id":26078,"date":"2025-12-10T21:04:01","date_gmt":"2025-12-11T00:04:01","guid":{"rendered":"https:\/\/www.hidrocentro.cl\/laserena\/?post_type=product&#038;p=26078"},"modified":"2026-02-17T08:55:45","modified_gmt":"2026-02-17T11:55:45","slug":"caneria-plansa-1-impla","status":"publish","type":"product","link":"https:\/\/www.hidrocentro.cl\/laserena\/producto\/caneria-plansa-1-impla\/","title":{"rendered":"Ca\u00f1er\u00eda Plansa 1 Impla"},"content":{"rendered":"<p>El precio de este producto est\u00e1 definido por metro de plansa. El rollo es de 100mts.<\/p>\n","protected":false},"excerpt":{"rendered":"<p>El precio de este producto est\u00e1 definido por metro de plansa. El rollo es de 100mts.<\/p>\n","protected":false},"featured_media":26106,"comment_status":"open","ping_status":"closed","template":"","meta":[],"class_list":["post-26078","product","type-product","status-publish","has-post-thumbnail","hentry","product_cat-caneria-planza"],"_links":{"self":[{"href":"https:\/\/www.hidrocentro.cl\/laserena\/wp-json\/wp\/v2\/product\/26078"}],"collection":[{"href":"https:\/\/www.hidrocentro.cl\/laserena\/wp-json\/wp\/v2\/product"}],"about":[{"href":"https:\/\/www.hidrocentro.cl\/laserena\/wp-json\/wp\/v2\/types\/product"}],"replies":[{"embeddable":true,"href":"https:\/\/www.hidrocentro.cl\/laserena\/wp-json\/wp\/v2\/comments?post=26078"}],"wp:featuredmedia":[{"embeddable":true,"href":"https:\/\/www.hidrocentro.cl\/laserena\/wp-json\/wp\/v2\/media\/26106"}],"wp:attachment":[{"href":"https:\/\/www.hidrocentro.cl\/laserena\/wp-json\/wp\/v2\/media?parent=26078"}],"curies":[{"name":"wp","href":"https:\/\/api.w.org\/{rel}","templated":true}]}}