{"id":24604,"date":"2025-12-10T21:08:35","date_gmt":"2025-12-11T00:08:35","guid":{"rendered":"https:\/\/www.hidrocentro.cl\/losangeles\/?post_type=product&#038;p=24604"},"modified":"2026-04-08T18:14:53","modified_gmt":"2026-04-08T22:14:53","slug":"estanque-cilindrico-std-700-azul-amerplast","status":"publish","type":"product","link":"https:\/\/www.hidrocentro.cl\/losangeles\/producto\/estanque-cilindrico-std-700-azul-amerplast\/","title":{"rendered":"ESTANQUE CILINDRICO STD 700 AZUL AMERPLAST"},"content":{"rendered":"<div id=\"div_block-39-79\" class=\"ct-div-block\">\n<div id=\"text_block-40-79\" class=\"ct-text-block\">DIMENSIONES<\/div>\n<div id=\"text_block-41-79\" class=\"ct-text-block\">\n<p>Diametro: 945 mm<\/p>\n<p>Alto: 1143 mm<\/p>\n<p>Tapa Rosca: 600 mm.<\/p>\n<\/div>\n<\/div>\n<div id=\"div_block-36-79\" class=\"ct-div-block\">\n<div id=\"text_block-37-79\" class=\"ct-text-block\">CARACTER\u00cdSTICAS<\/div>\n<div id=\"text_block-38-79\" class=\"ct-text-block\">\n<ul>\n<li>Nuevo dise\u00f1o innovador con 3 capas<\/li>\n<li>Tapa rosca 600 mm para un cierre seguro<\/li>\n<li>Caras planas para incorporaci\u00f3n de accesorios<\/li>\n<li>100% reciclables<\/li>\n<li>Fabricados con energ\u00eda 100 % limpia<\/li>\n<li>Fabricados con Polietileno Alta Densidad 100 % Virgen<\/li>\n<li>10 a\u00f1os de garant\u00eda<\/li>\n<\/ul>\n<\/div>\n<\/div>\n","protected":false},"excerpt":{"rendered":"<p>DIMENSIONES Diametro: 945 mm Alto: 1143 mm Tapa Rosca: 600 mm. CARACTER\u00cdSTICAS Nuevo dise\u00f1o innovador con 3 capas Tapa rosca 600 mm para un cierre seguro Caras planas para incorporaci\u00f3n [&hellip;]<\/p>\n","protected":false},"featured_media":24631,"comment_status":"open","ping_status":"closed","template":"","meta":[],"class_list":["post-24604","product","type-product","status-publish","has-post-thumbnail","hentry","product_cat-estanques"],"_links":{"self":[{"href":"https:\/\/www.hidrocentro.cl\/losangeles\/wp-json\/wp\/v2\/product\/24604"}],"collection":[{"href":"https:\/\/www.hidrocentro.cl\/losangeles\/wp-json\/wp\/v2\/product"}],"about":[{"href":"https:\/\/www.hidrocentro.cl\/losangeles\/wp-json\/wp\/v2\/types\/product"}],"replies":[{"embeddable":true,"href":"https:\/\/www.hidrocentro.cl\/losangeles\/wp-json\/wp\/v2\/comments?post=24604"}],"wp:featuredmedia":[{"embeddable":true,"href":"https:\/\/www.hidrocentro.cl\/losangeles\/wp-json\/wp\/v2\/media\/24631"}],"wp:attachment":[{"href":"https:\/\/www.hidrocentro.cl\/losangeles\/wp-json\/wp\/v2\/media?parent=24604"}],"curies":[{"name":"wp","href":"https:\/\/api.w.org\/{rel}","templated":true}]}}