{"id":23983,"date":"2025-12-10T20:56:04","date_gmt":"2025-12-10T23:56:04","guid":{"rendered":"https:\/\/www.hidrocentro.cl\/paicavi\/?post_type=product&#038;p=23983"},"modified":"2025-12-10T20:56:21","modified_gmt":"2025-12-10T23:56:21","slug":"camara-decloradora-100-l-amerplast","status":"publish","type":"product","link":"https:\/\/www.hidrocentro.cl\/paicavi\/producto\/camara-decloradora-100-l-amerplast\/","title":{"rendered":"C\u00e1mara Decloradora 100 L Amerplast"},"content":{"rendered":"<div id=\"div_block-97-79\" class=\"ct-div-block\">\n<div id=\"div_block-39-79\" class=\"ct-div-block\">\n<div id=\"text_block-40-79\" class=\"ct-text-block\">DIMENSIONES<\/div>\n<div id=\"text_block-41-79\" class=\"ct-text-block\">\n<p>Altura: 580 mm<\/p>\n<p>Di\u00e1metro: 520 mm<\/p>\n<p>Tapa: 490 mm<\/p>\n<\/div>\n<\/div>\n<div id=\"div_block-36-79\" class=\"ct-div-block\">\n<div id=\"text_block-37-79\" class=\"ct-text-block\">CARACTER\u00cdSTICAS<\/div>\n<div id=\"text_block-38-79\" class=\"ct-text-block\">\n<ul>\n<li>C\u00e1mara de polietileno de 100 litros de volumen total<\/li>\n<li>Codos de PVC 110 mm para entrada y salida con sus respectivos sellos de goma<\/li>\n<li>Cartridge con sello de goma para ingreso de las pastillas de decloraci\u00f3n (color verde)<\/li>\n<\/ul>\n<\/div>\n<\/div>\n<\/div>\n","protected":false},"excerpt":{"rendered":"<p>DIMENSIONES Altura: 580 mm Di\u00e1metro: 520 mm Tapa: 490 mm CARACTER\u00cdSTICAS C\u00e1mara de polietileno de 100 litros de volumen total Codos de PVC 110 mm para entrada y salida con [&hellip;]<\/p>\n","protected":false},"featured_media":24003,"comment_status":"open","ping_status":"closed","template":"","meta":[],"class_list":["post-23983","product","type-product","status-publish","has-post-thumbnail","hentry","product_cat-camaras-para-fosas"],"_links":{"self":[{"href":"https:\/\/www.hidrocentro.cl\/paicavi\/wp-json\/wp\/v2\/product\/23983"}],"collection":[{"href":"https:\/\/www.hidrocentro.cl\/paicavi\/wp-json\/wp\/v2\/product"}],"about":[{"href":"https:\/\/www.hidrocentro.cl\/paicavi\/wp-json\/wp\/v2\/types\/product"}],"replies":[{"embeddable":true,"href":"https:\/\/www.hidrocentro.cl\/paicavi\/wp-json\/wp\/v2\/comments?post=23983"}],"wp:featuredmedia":[{"embeddable":true,"href":"https:\/\/www.hidrocentro.cl\/paicavi\/wp-json\/wp\/v2\/media\/24003"}],"wp:attachment":[{"href":"https:\/\/www.hidrocentro.cl\/paicavi\/wp-json\/wp\/v2\/media?parent=23983"}],"curies":[{"name":"wp","href":"https:\/\/api.w.org\/{rel}","templated":true}]}}