{"id":24533,"date":"2025-12-10T21:00:21","date_gmt":"2025-12-11T00:00:21","guid":{"rendered":"https:\/\/www.hidrocentro.cl\/paicavi\/?post_type=product&#038;p=24533"},"modified":"2026-02-09T14:58:07","modified_gmt":"2026-02-09T17:58:07","slug":"elevador-de-registro-diam-600-x-h-600-amerplast","status":"publish","type":"product","link":"https:\/\/www.hidrocentro.cl\/paicavi\/producto\/elevador-de-registro-diam-600-x-h-600-amerplast\/","title":{"rendered":"Elevador De Registro Diam 600 X H 600 Amerplast"},"content":{"rendered":"<div id=\"div_block-48-79\" class=\"ct-div-block\">\n<div id=\"text_block-49-79\" class=\"ct-text-block\">USO<\/div>\n<div id=\"text_block-50-79\" class=\"ct-text-block\">\n<p>Se adapta a todos los registros\/cuellos de las c\u00e1maras di\u00e1metro 600 mm de la marca Amerplast<\/p>\n<p>Altura Util : 600 mm<\/p>\n<\/div>\n<\/div>\n<div id=\"div_block-97-79\" class=\"ct-div-block\">\n<div id=\"div_block-39-79\" class=\"ct-div-block\">\n<div id=\"text_block-40-79\" class=\"ct-text-block\">DIMENSIONES<\/div>\n<div id=\"text_block-41-79\" class=\"ct-text-block\">\n<p>Di\u00e1metro : 600 mm<\/p>\n<p>Altura : 600 mm<\/p>\n<p>Tipo tapa: sobrepuesta (di\u00e1metro 600 mm x alto 60 mm)<\/p>\n<\/div>\n<\/div>\n<\/div>\n","protected":false},"excerpt":{"rendered":"<p>USO Se adapta a todos los registros\/cuellos de las c\u00e1maras di\u00e1metro 600 mm de la marca Amerplast Altura Util : 600 mm DIMENSIONES Di\u00e1metro : 600 mm Altura : 600 [&hellip;]<\/p>\n","protected":false},"featured_media":24562,"comment_status":"open","ping_status":"closed","template":"","meta":[],"class_list":["post-24533","product","type-product","status-publish","has-post-thumbnail","hentry","product_cat-elevadores"],"_links":{"self":[{"href":"https:\/\/www.hidrocentro.cl\/paicavi\/wp-json\/wp\/v2\/product\/24533"}],"collection":[{"href":"https:\/\/www.hidrocentro.cl\/paicavi\/wp-json\/wp\/v2\/product"}],"about":[{"href":"https:\/\/www.hidrocentro.cl\/paicavi\/wp-json\/wp\/v2\/types\/product"}],"replies":[{"embeddable":true,"href":"https:\/\/www.hidrocentro.cl\/paicavi\/wp-json\/wp\/v2\/comments?post=24533"}],"wp:featuredmedia":[{"embeddable":true,"href":"https:\/\/www.hidrocentro.cl\/paicavi\/wp-json\/wp\/v2\/media\/24562"}],"wp:attachment":[{"href":"https:\/\/www.hidrocentro.cl\/paicavi\/wp-json\/wp\/v2\/media?parent=24533"}],"curies":[{"name":"wp","href":"https:\/\/api.w.org\/{rel}","templated":true}]}}