{"id":24591,"date":"2025-12-10T21:00:45","date_gmt":"2025-12-11T00:00:45","guid":{"rendered":"https:\/\/www.hidrocentro.cl\/paicavi\/?post_type=product&#038;p=24591"},"modified":"2025-12-10T21:01:05","modified_gmt":"2025-12-11T00:01:05","slug":"fosa-septicas-horizontal-2800-l-amerplast","status":"publish","type":"product","link":"https:\/\/www.hidrocentro.cl\/paicavi\/producto\/fosa-septicas-horizontal-2800-l-amerplast\/","title":{"rendered":"Fosa S\u00e9pticas Horizontal 2800 L Amerplast"},"content":{"rendered":"<div id=\"div_block-31-79\" class=\"ct-div-block\">\n<div id=\"text_block-33-79\" class=\"ct-text-block\">CAPACIDAD DE CARGA<\/div>\n<div id=\"text_block-34-79\" class=\"ct-text-block\">\n<p>8 personas seg\u00fan dotaci\u00f3n de 250 lts por Habitante al d\u00eda (vivienda)<\/p>\n<p>13 personas seg\u00fan dotaci\u00f3n de 150 lts por Habitante al d\u00eda (industria)<\/p>\n<\/div>\n<\/div>\n<div id=\"div_block-97-79\" class=\"ct-div-block\">\n<div id=\"div_block-64-79\" class=\"ct-div-block\">\n<div id=\"text_block-65-79\" class=\"ct-text-block\">CAPACIDAD DE CONTENCI\u00d3N<\/div>\n<div id=\"text_block-66-79\" class=\"ct-text-block\">\n<p>Volumen total: 2800 Lts<\/p>\n<p>Volumen \u00fatil: 2500 Lts<\/p>\n<\/div>\n<\/div>\n<div id=\"div_block-39-79\" class=\"ct-div-block\">\n<div id=\"text_block-40-79\" class=\"ct-text-block\">DIMENSIONES<\/div>\n<div id=\"text_block-41-79\" class=\"ct-text-block\">\n<ul>\n<li>Largo : 2.750 mm<\/li>\n<li>Alto : 1.400 mm<\/li>\n<li>Di\u00e1metro : 1.350 mm<\/li>\n<\/ul>\n<\/div>\n<\/div>\n<\/div>\n","protected":false},"excerpt":{"rendered":"<p>CAPACIDAD DE CARGA 8 personas seg\u00fan dotaci\u00f3n de 250 lts por Habitante al d\u00eda (vivienda) 13 personas seg\u00fan dotaci\u00f3n de 150 lts por Habitante al d\u00eda (industria) CAPACIDAD DE CONTENCI\u00d3N [&hellip;]<\/p>\n","protected":false},"featured_media":24617,"comment_status":"open","ping_status":"closed","template":"","meta":[],"class_list":["post-24591","product","type-product","status-publish","has-post-thumbnail","hentry","product_cat-fosas"],"_links":{"self":[{"href":"https:\/\/www.hidrocentro.cl\/paicavi\/wp-json\/wp\/v2\/product\/24591"}],"collection":[{"href":"https:\/\/www.hidrocentro.cl\/paicavi\/wp-json\/wp\/v2\/product"}],"about":[{"href":"https:\/\/www.hidrocentro.cl\/paicavi\/wp-json\/wp\/v2\/types\/product"}],"replies":[{"embeddable":true,"href":"https:\/\/www.hidrocentro.cl\/paicavi\/wp-json\/wp\/v2\/comments?post=24591"}],"wp:featuredmedia":[{"embeddable":true,"href":"https:\/\/www.hidrocentro.cl\/paicavi\/wp-json\/wp\/v2\/media\/24617"}],"wp:attachment":[{"href":"https:\/\/www.hidrocentro.cl\/paicavi\/wp-json\/wp\/v2\/media?parent=24591"}],"curies":[{"name":"wp","href":"https:\/\/api.w.org\/{rel}","templated":true}]}}