{"id":24860,"date":"2025-12-10T21:03:04","date_gmt":"2025-12-11T00:03:04","guid":{"rendered":"https:\/\/www.hidrocentro.cl\/paicavi\/?post_type=product&#038;p=24860"},"modified":"2025-12-10T21:03:13","modified_gmt":"2025-12-11T00:03:13","slug":"kit-completo-para-fosa-2400-amerplast","status":"publish","type":"product","link":"https:\/\/www.hidrocentro.cl\/paicavi\/producto\/kit-completo-para-fosa-2400-amerplast\/","title":{"rendered":"Kit Completo Para Fosa 2400 Amerplast"},"content":{"rendered":"<div id=\"text_block-38-79\" class=\"ct-text-block\">\n<p>Incluye<\/p>\n<ul>\n<li>1 c\u00e1mara desgrasadora 170 Lts.<\/li>\n<li>1 c\u00e1mara de inspecci\u00f3n.<\/li>\n<li>1 distribuidor de drenes 100 Lts.<\/li>\n<li>25 m de geotextil (0,8 m de ancho).<\/li>\n<li>25 m de tuber\u00eda de drenaje corrugada de 110 mm.<\/li>\n<\/ul>\n<\/div>\n","protected":false},"excerpt":{"rendered":"<p>Incluye 1 c\u00e1mara desgrasadora 170 Lts. 1 c\u00e1mara de inspecci\u00f3n. 1 distribuidor de drenes 100 Lts. 25 m de geotextil (0,8 m de ancho). 25 m de tuber\u00eda de drenaje [&hellip;]<\/p>\n","protected":false},"featured_media":24889,"comment_status":"open","ping_status":"closed","template":"","meta":[],"class_list":["post-24860","product","type-product","status-publish","has-post-thumbnail","hentry","product_cat-camaras-para-fosas"],"_links":{"self":[{"href":"https:\/\/www.hidrocentro.cl\/paicavi\/wp-json\/wp\/v2\/product\/24860"}],"collection":[{"href":"https:\/\/www.hidrocentro.cl\/paicavi\/wp-json\/wp\/v2\/product"}],"about":[{"href":"https:\/\/www.hidrocentro.cl\/paicavi\/wp-json\/wp\/v2\/types\/product"}],"replies":[{"embeddable":true,"href":"https:\/\/www.hidrocentro.cl\/paicavi\/wp-json\/wp\/v2\/comments?post=24860"}],"wp:featuredmedia":[{"embeddable":true,"href":"https:\/\/www.hidrocentro.cl\/paicavi\/wp-json\/wp\/v2\/media\/24889"}],"wp:attachment":[{"href":"https:\/\/www.hidrocentro.cl\/paicavi\/wp-json\/wp\/v2\/media?parent=24860"}],"curies":[{"name":"wp","href":"https:\/\/api.w.org\/{rel}","templated":true}]}}