{"id":24975,"date":"2025-12-10T21:03:53","date_gmt":"2025-12-11T00:03:53","guid":{"rendered":"https:\/\/www.hidrocentro.cl\/paicavi\/?post_type=product&#038;p=24975"},"modified":"2026-02-03T13:23:33","modified_gmt":"2026-02-03T16:23:33","slug":"caneria-plansa-2-impla","status":"publish","type":"product","link":"https:\/\/www.hidrocentro.cl\/paicavi\/producto\/caneria-plansa-2-impla\/","title":{"rendered":"Ca\u00f1er\u00eda Plansa 2 Impla"},"content":{"rendered":"<p>El precio de este producto est\u00e1 definido por metro de plansa. El rollo es de 100mts.<\/p>\n","protected":false},"excerpt":{"rendered":"<p>El precio de este producto est\u00e1 definido por metro de plansa. El rollo es de 100mts.<\/p>\n","protected":false},"featured_media":25028,"comment_status":"open","ping_status":"closed","template":"","meta":[],"class_list":["post-24975","product","type-product","status-publish","has-post-thumbnail","hentry","product_cat-caneria-planza"],"_links":{"self":[{"href":"https:\/\/www.hidrocentro.cl\/paicavi\/wp-json\/wp\/v2\/product\/24975"}],"collection":[{"href":"https:\/\/www.hidrocentro.cl\/paicavi\/wp-json\/wp\/v2\/product"}],"about":[{"href":"https:\/\/www.hidrocentro.cl\/paicavi\/wp-json\/wp\/v2\/types\/product"}],"replies":[{"embeddable":true,"href":"https:\/\/www.hidrocentro.cl\/paicavi\/wp-json\/wp\/v2\/comments?post=24975"}],"wp:featuredmedia":[{"embeddable":true,"href":"https:\/\/www.hidrocentro.cl\/paicavi\/wp-json\/wp\/v2\/media\/25028"}],"wp:attachment":[{"href":"https:\/\/www.hidrocentro.cl\/paicavi\/wp-json\/wp\/v2\/media?parent=24975"}],"curies":[{"name":"wp","href":"https:\/\/api.w.org\/{rel}","templated":true}]}}