{"id":25545,"date":"2025-12-10T21:08:34","date_gmt":"2025-12-11T00:08:34","guid":{"rendered":"https:\/\/www.hidrocentro.cl\/paicavi\/?post_type=product&#038;p=25545"},"modified":"2025-12-10T21:08:43","modified_gmt":"2025-12-11T00:08:43","slug":"estanque-cilindrico-std-1000-azul-amerplast","status":"publish","type":"product","link":"https:\/\/www.hidrocentro.cl\/paicavi\/producto\/estanque-cilindrico-std-1000-azul-amerplast\/","title":{"rendered":"ESTANQUE CILINDRICO STD 1000 AZUL AMERPLAST"},"content":{"rendered":"<div id=\"div_block-39-79\" class=\"ct-div-block\">\n<div id=\"text_block-40-79\" class=\"ct-text-block\">DIMENSIONES<\/div>\n<div id=\"text_block-41-79\" class=\"ct-text-block\">\n<p>Di\u00e1metro: 1087<\/p>\n<p>Alto: 1313<\/p>\n<p>Tapa rosca: 600 mm.<\/p>\n<\/div>\n<\/div>\n<div id=\"div_block-36-79\" class=\"ct-div-block\">\n<div id=\"text_block-37-79\" class=\"ct-text-block\">CARACTER\u00cdSTICAS<\/div>\n<div id=\"text_block-38-79\" class=\"ct-text-block\">\n<ul>\n<li>Nuevo dise\u00f1o innovador con 3 capas<\/li>\n<li>Tapa rosca 600 mm para un cierre seguro<\/li>\n<li>Caras planas para incorporaci\u00f3n de accesorios<\/li>\n<li>100% reciclables<\/li>\n<li>Fabricados con energ\u00eda 100 % limpia<\/li>\n<li>Fabricados con Polietileno Alta Densidad 100 % Virgen<\/li>\n<li>10 a\u00f1os de garant\u00eda<\/li>\n<\/ul>\n<\/div>\n<\/div>\n","protected":false},"excerpt":{"rendered":"<p>DIMENSIONES Di\u00e1metro: 1087 Alto: 1313 Tapa rosca: 600 mm. CARACTER\u00cdSTICAS Nuevo dise\u00f1o innovador con 3 capas Tapa rosca 600 mm para un cierre seguro Caras planas para incorporaci\u00f3n de accesorios [&hellip;]<\/p>\n","protected":false},"featured_media":25573,"comment_status":"open","ping_status":"closed","template":"","meta":[],"class_list":["post-25545","product","type-product","status-publish","has-post-thumbnail","hentry","product_cat-estanques"],"_links":{"self":[{"href":"https:\/\/www.hidrocentro.cl\/paicavi\/wp-json\/wp\/v2\/product\/25545"}],"collection":[{"href":"https:\/\/www.hidrocentro.cl\/paicavi\/wp-json\/wp\/v2\/product"}],"about":[{"href":"https:\/\/www.hidrocentro.cl\/paicavi\/wp-json\/wp\/v2\/types\/product"}],"replies":[{"embeddable":true,"href":"https:\/\/www.hidrocentro.cl\/paicavi\/wp-json\/wp\/v2\/comments?post=25545"}],"wp:featuredmedia":[{"embeddable":true,"href":"https:\/\/www.hidrocentro.cl\/paicavi\/wp-json\/wp\/v2\/media\/25573"}],"wp:attachment":[{"href":"https:\/\/www.hidrocentro.cl\/paicavi\/wp-json\/wp\/v2\/media?parent=25545"}],"curies":[{"name":"wp","href":"https:\/\/api.w.org\/{rel}","templated":true}]}}