{"id":1386,"date":"2021-02-05T01:13:48","date_gmt":"2021-02-05T01:13:48","guid":{"rendered":"http:\/\/157.90.21.123\/wordpress\/parent-site-products\/producto\/bomba-pedr-pkm-100-1-5hp-220v-1x1-koslan\/"},"modified":"2025-01-27T15:00:53","modified_gmt":"2025-01-27T18:00:53","slug":"bomba-pedr-pkm-100-1-5hp-220v-1x1-koslan","status":"publish","type":"product","link":"https:\/\/www.hidrocentro.cl\/sanpedro\/producto\/bomba-pedr-pkm-100-1-5hp-220v-1x1-koslan\/","title":{"rendered":"Bomba Pedr. Pkm 100 1.5Hp 220V 1X1 Koslan"},"content":{"rendered":"<ul>\n<li>Modelo \/ Descripci\u00f3n: PKm100<\/li>\n<li>HP: 1.5<\/li>\n<li>Altura max (mts): 85<\/li>\n<li>Caudal Mx: 70<\/li>\n<li>Voltaje: 220V<\/li>\n<li>Amp: 9<\/li>\n<li>Diametro: 1&#8243;x1&#8243;<\/li>\n<li>Certificaci\u00f3n: Curvas certificadas ISO 9906<\/li>\n<li>Eficiencia energ\u00e9tica: S\u00cd<\/li>\n<\/ul>\n","protected":false},"excerpt":{"rendered":"<p>Modelo \/ Descripci\u00f3n: PKm100 HP: 1.5 Altura max (mts): 85 Caudal Mx: 70 Voltaje: 220V Amp: 9 Diametro: 1&#8243;x1&#8243; Certificaci\u00f3n: Curvas certificadas ISO 9906 Eficiencia energ\u00e9tica: S\u00cd<\/p>\n","protected":false},"featured_media":13612,"comment_status":"open","ping_status":"closed","template":"","meta":[],"class_list":["post-1386","product","type-product","status-publish","has-post-thumbnail","hentry","product_cat-perifericas"],"_links":{"self":[{"href":"https:\/\/www.hidrocentro.cl\/sanpedro\/wp-json\/wp\/v2\/product\/1386"}],"collection":[{"href":"https:\/\/www.hidrocentro.cl\/sanpedro\/wp-json\/wp\/v2\/product"}],"about":[{"href":"https:\/\/www.hidrocentro.cl\/sanpedro\/wp-json\/wp\/v2\/types\/product"}],"replies":[{"embeddable":true,"href":"https:\/\/www.hidrocentro.cl\/sanpedro\/wp-json\/wp\/v2\/comments?post=1386"}],"wp:featuredmedia":[{"embeddable":true,"href":"https:\/\/www.hidrocentro.cl\/sanpedro\/wp-json\/wp\/v2\/media\/13612"}],"wp:attachment":[{"href":"https:\/\/www.hidrocentro.cl\/sanpedro\/wp-json\/wp\/v2\/media?parent=1386"}],"curies":[{"name":"wp","href":"https:\/\/api.w.org\/{rel}","templated":true}]}}