{"id":1388,"date":"2021-02-05T01:13:48","date_gmt":"2021-02-05T04:13:48","guid":{"rendered":"http:\/\/157.90.21.123\/wordpress\/parent-site-products\/producto\/bomba-pedr-pkm-60-0-5hp-220v-1x1-koslan\/"},"modified":"2025-11-25T13:01:42","modified_gmt":"2025-11-25T16:01:42","slug":"bomba-pedr-pkm-60-0-5hp-220v-1x1-koslan","status":"publish","type":"product","link":"https:\/\/www.hidrocentro.cl\/sanpedro\/producto\/bomba-pedr-pkm-60-0-5hp-220v-1x1-koslan\/","title":{"rendered":"Bomba Pedr. Pkm 60 0.5Hp 220V 1X1 Koslan"},"content":{"rendered":"<ul>\n<li>Modelo \/ Descripci\u00f3n: PKm60<\/li>\n<li>HP: 0.5<\/li>\n<li>Voltaje: 220V<\/li>\n<li>Amp: 2.5 A<\/li>\n<li>Diametro: 1&#8243;<\/li>\n<li>Certificaci\u00f3n: Curvas certificadas ISO 9906<\/li>\n<li>Eficiencia energ\u00e9tica: S\u00cd<\/li>\n<li>Asp.Manom\u00e9trica hasta : 8 m<\/li>\n<li>Altura (cm): 5<\/li>\n<li>Caudal(lts\/min): 40<\/li>\n<li>Hz: 50<\/li>\n<li>Altura max (mts): 40<\/li>\n<li>Caudal Mx: 40<\/li>\n<li>Temperatura max.: 60 \u00b0C<\/li>\n<li>Temperatura de trabajo M\u00ednima (\u00b0C): -10<\/li>\n<\/ul>\n","protected":false},"excerpt":{"rendered":"<p>Modelo \/ Descripci\u00f3n: PKm60 HP: 0.5 Voltaje: 220V Amp: 2.5 A Diametro: 1&#8243; Certificaci\u00f3n: Curvas certificadas ISO 9906 Eficiencia energ\u00e9tica: S\u00cd Asp.Manom\u00e9trica hasta : 8 m Altura (cm): 5 Caudal(lts\/min): [&hellip;]<\/p>\n","protected":false},"featured_media":13612,"comment_status":"open","ping_status":"closed","template":"","meta":[],"class_list":["post-1388","product","type-product","status-publish","has-post-thumbnail","hentry","product_cat-perifericas"],"_links":{"self":[{"href":"https:\/\/www.hidrocentro.cl\/sanpedro\/wp-json\/wp\/v2\/product\/1388"}],"collection":[{"href":"https:\/\/www.hidrocentro.cl\/sanpedro\/wp-json\/wp\/v2\/product"}],"about":[{"href":"https:\/\/www.hidrocentro.cl\/sanpedro\/wp-json\/wp\/v2\/types\/product"}],"replies":[{"embeddable":true,"href":"https:\/\/www.hidrocentro.cl\/sanpedro\/wp-json\/wp\/v2\/comments?post=1388"}],"wp:featuredmedia":[{"embeddable":true,"href":"https:\/\/www.hidrocentro.cl\/sanpedro\/wp-json\/wp\/v2\/media\/13612"}],"wp:attachment":[{"href":"https:\/\/www.hidrocentro.cl\/sanpedro\/wp-json\/wp\/v2\/media?parent=1388"}],"curies":[{"name":"wp","href":"https:\/\/api.w.org\/{rel}","templated":true}]}}