{"id":1391,"date":"2021-02-05T01:13:49","date_gmt":"2021-02-05T04:13:49","guid":{"rendered":"http:\/\/157.90.21.123\/wordpress\/parent-site-products\/producto\/bomba-pedr-pkm-80-1hp-220v-1x1-koslan\/"},"modified":"2024-09-02T11:45:23","modified_gmt":"2024-09-02T15:45:23","slug":"bomba-pedr-pkm-80-1hp-220v-1x1-koslan","status":"publish","type":"product","link":"https:\/\/www.hidrocentro.cl\/sanpedro\/producto\/bomba-pedr-pkm-80-1hp-220v-1x1-koslan\/","title":{"rendered":"Bomba Pedr. Pkm 80 1Hp 220V 1X1 Koslan"},"content":{"rendered":"<ul>\n<li>Modelo \/ Descripci\u00f3n: PKm80<\/li>\n<li>HP: 1<\/li>\n<li>Altura max (mts): 70<\/li>\n<li>Caudal Mx: 50<\/li>\n<li>Voltaje: 220V<\/li>\n<li>Amp: 5.2<\/li>\n<li>Diametro: 1&#8243;x1&#8243;<\/li>\n<li>Certificaci\u00f3n: Curvas certificadas ISO 9906<\/li>\n<li>Eficiencia energ\u00e9tica: S\u00cd<\/li>\n<\/ul>\n","protected":false},"excerpt":{"rendered":"<p>Modelo \/ Descripci\u00f3n: PKm80 HP: 1 Altura max (mts): 70 Caudal Mx: 50 Voltaje: 220V Amp: 5.2 Diametro: 1&#8243;x1&#8243; Certificaci\u00f3n: Curvas certificadas ISO 9906 Eficiencia energ\u00e9tica: S\u00cd<\/p>\n","protected":false},"featured_media":13612,"comment_status":"open","ping_status":"closed","template":"","meta":[],"class_list":["post-1391","product","type-product","status-publish","has-post-thumbnail","hentry","product_cat-perifericas"],"_links":{"self":[{"href":"https:\/\/www.hidrocentro.cl\/sanpedro\/wp-json\/wp\/v2\/product\/1391"}],"collection":[{"href":"https:\/\/www.hidrocentro.cl\/sanpedro\/wp-json\/wp\/v2\/product"}],"about":[{"href":"https:\/\/www.hidrocentro.cl\/sanpedro\/wp-json\/wp\/v2\/types\/product"}],"replies":[{"embeddable":true,"href":"https:\/\/www.hidrocentro.cl\/sanpedro\/wp-json\/wp\/v2\/comments?post=1391"}],"wp:featuredmedia":[{"embeddable":true,"href":"https:\/\/www.hidrocentro.cl\/sanpedro\/wp-json\/wp\/v2\/media\/13612"}],"wp:attachment":[{"href":"https:\/\/www.hidrocentro.cl\/sanpedro\/wp-json\/wp\/v2\/media?parent=1391"}],"curies":[{"name":"wp","href":"https:\/\/api.w.org\/{rel}","templated":true}]}}