{"id":1399,"date":"2021-02-05T01:13:50","date_gmt":"2021-02-05T04:13:50","guid":{"rendered":"http:\/\/157.90.21.123\/wordpress\/parent-site-products\/producto\/bomba-pedr-cpm-158-1hp-220v-1x1-koslan\/"},"modified":"2023-02-21T16:14:03","modified_gmt":"2023-02-21T19:14:03","slug":"bomba-pedr-cpm-158-1hp-220v-1x1-koslan","status":"publish","type":"product","link":"https:\/\/www.hidrocentro.cl\/sanpedro\/producto\/bomba-pedr-cpm-158-1hp-220v-1x1-koslan\/","title":{"rendered":"Bomba Pedr. Cpm 158 1Hp 220V 1X1 Koslan"},"content":{"rendered":"<ul>\n<li>Modelo \/ Descripci\u00f3n: CPm158<\/li>\n<li>HP: 1<\/li>\n<li>Altura max (mts): 34<\/li>\n<li>Caudal Mx: 90<\/li>\n<li>Succi\u00f3n max (mts): 7<\/li>\n<li>Voltaje: 220V<\/li>\n<li>Amp: 6<\/li>\n<li>Diametro: 1&#8243;x1&#8243;<\/li>\n<li>Certificaci\u00f3n: Curvas certificadas ISO 9906<\/li>\n<li>Eficiencia energ\u00e9tica: S\u00cd<\/li>\n<\/ul>\n","protected":false},"excerpt":{"rendered":"<p>Modelo \/ Descripci\u00f3n: CPm158 HP: 1 Altura max (mts): 34 Caudal Mx: 90 Succi\u00f3n max (mts): 7 Voltaje: 220V Amp: 6 Diametro: 1&#8243;x1&#8243; Certificaci\u00f3n: Curvas certificadas ISO 9906 Eficiencia energ\u00e9tica: [&hellip;]<\/p>\n","protected":false},"featured_media":13580,"comment_status":"open","ping_status":"closed","template":"","meta":[],"class_list":["post-1399","product","type-product","status-publish","has-post-thumbnail","hentry","product_cat-centrifugas"],"_links":{"self":[{"href":"https:\/\/www.hidrocentro.cl\/sanpedro\/wp-json\/wp\/v2\/product\/1399"}],"collection":[{"href":"https:\/\/www.hidrocentro.cl\/sanpedro\/wp-json\/wp\/v2\/product"}],"about":[{"href":"https:\/\/www.hidrocentro.cl\/sanpedro\/wp-json\/wp\/v2\/types\/product"}],"replies":[{"embeddable":true,"href":"https:\/\/www.hidrocentro.cl\/sanpedro\/wp-json\/wp\/v2\/comments?post=1399"}],"wp:featuredmedia":[{"embeddable":true,"href":"https:\/\/www.hidrocentro.cl\/sanpedro\/wp-json\/wp\/v2\/media\/13580"}],"wp:attachment":[{"href":"https:\/\/www.hidrocentro.cl\/sanpedro\/wp-json\/wp\/v2\/media?parent=1399"}],"curies":[{"name":"wp","href":"https:\/\/api.w.org\/{rel}","templated":true}]}}