{"id":1516,"date":"2021-02-05T01:14:17","date_gmt":"2021-02-05T01:14:17","guid":{"rendered":"http:\/\/157.90.21.123\/wordpress\/parent-site-products\/producto\/bomba-pedr-hfm-5a-1-5hp-220v-2x2-koslan\/"},"modified":"2021-10-24T09:28:55","modified_gmt":"2021-10-24T12:28:55","slug":"bomba-pedr-hfm-5a-1-5hp-220v-2x2-koslan","status":"publish","type":"product","link":"https:\/\/www.hidrocentro.cl\/sanpedro\/producto\/bomba-pedr-hfm-5a-1-5hp-220v-2x2-koslan\/","title":{"rendered":"Bomba Pedr. Hfm 5A 1.5Hp 220V 2X2 Koslan"},"content":{"rendered":"<ul>\n<li>Modelo \/ Descripci\u00f3n: HFm 5A<\/li>\n<li>HP: 1.5<\/li>\n<li>Altura max (mts): 14<\/li>\n<li>Caudal Mx: 600<\/li>\n<li>Succi\u00f3n max (mts): 7<\/li>\n<li>Voltaje: 220V<\/li>\n<li>Amp: 6.2<\/li>\n<li>Diametro: 2&#8243;x2&#8243;<\/li>\n<li>Certificaci\u00f3n: Curvas certificadas ISO 9906<\/li>\n<li>Eficiencia energ\u00e9tica: S\u00cd<\/li>\n<\/ul>\n","protected":false},"excerpt":{"rendered":"<p>Modelo \/ Descripci\u00f3n: HFm 5A HP: 1.5 Altura max (mts): 14 Caudal Mx: 600 Succi\u00f3n max (mts): 7 Voltaje: 220V Amp: 6.2 Diametro: 2&#8243;x2&#8243; Certificaci\u00f3n: Curvas certificadas ISO 9906 Eficiencia [&hellip;]<\/p>\n","protected":false},"featured_media":9008,"comment_status":"open","ping_status":"closed","template":"","meta":[],"class_list":["post-1516","product","type-product","status-publish","has-post-thumbnail","hentry","product_cat-centrifugas"],"_links":{"self":[{"href":"https:\/\/www.hidrocentro.cl\/sanpedro\/wp-json\/wp\/v2\/product\/1516"}],"collection":[{"href":"https:\/\/www.hidrocentro.cl\/sanpedro\/wp-json\/wp\/v2\/product"}],"about":[{"href":"https:\/\/www.hidrocentro.cl\/sanpedro\/wp-json\/wp\/v2\/types\/product"}],"replies":[{"embeddable":true,"href":"https:\/\/www.hidrocentro.cl\/sanpedro\/wp-json\/wp\/v2\/comments?post=1516"}],"wp:featuredmedia":[{"embeddable":true,"href":"https:\/\/www.hidrocentro.cl\/sanpedro\/wp-json\/wp\/v2\/media\/9008"}],"wp:attachment":[{"href":"https:\/\/www.hidrocentro.cl\/sanpedro\/wp-json\/wp\/v2\/media?parent=1516"}],"curies":[{"name":"wp","href":"https:\/\/api.w.org\/{rel}","templated":true}]}}