{"id":1532,"date":"2021-02-05T01:14:21","date_gmt":"2021-02-05T01:14:21","guid":{"rendered":"http:\/\/157.90.21.123\/wordpress\/parent-site-products\/producto\/bomba-sum-pedr-dm8-0-85hp-220v-11-2koslan\/"},"modified":"2021-10-24T09:39:57","modified_gmt":"2021-10-24T12:39:57","slug":"bomba-sum-pedr-dm8-0-85hp-220v-11-2koslan","status":"publish","type":"product","link":"https:\/\/www.hidrocentro.cl\/sanpedro\/producto\/bomba-sum-pedr-dm8-0-85hp-220v-11-2koslan\/","title":{"rendered":"Bomba Sum. Pedr. Dm8 0.85Hp 220V 11\/2Koslan"},"content":{"rendered":"<ul>\n<li>Modelo \/ Descripci\u00f3n: Dm8-N<\/li>\n<li>HP: 0.75<\/li>\n<li>Altura max (mts): 12<\/li>\n<li>Caudal Mx: 275<\/li>\n<li>Voltaje: 220V<\/li>\n<li>Amp: 3.4<\/li>\n<li>Diametro: 1 1\/2&#8243;<\/li>\n<li>Certificaci\u00f3n: Curvas certificadas ISO 9906<\/li>\n<li>Eficiencia energ\u00e9tica: S\u00cd<\/li>\n<li>Paso solidos (mm): 10<\/li>\n<\/ul>\n","protected":false},"excerpt":{"rendered":"<p>Modelo \/ Descripci\u00f3n: Dm8-N HP: 0.75 Altura max (mts): 12 Caudal Mx: 275 Voltaje: 220V Amp: 3.4 Diametro: 1 1\/2&#8243; Certificaci\u00f3n: Curvas certificadas ISO 9906 Eficiencia energ\u00e9tica: S\u00cd Paso solidos [&hellip;]<\/p>\n","protected":false},"featured_media":13641,"comment_status":"open","ping_status":"closed","template":"","meta":[],"class_list":["post-1532","product","type-product","status-publish","has-post-thumbnail","hentry","product_cat-sumergible-agua-sucia"],"_links":{"self":[{"href":"https:\/\/www.hidrocentro.cl\/sanpedro\/wp-json\/wp\/v2\/product\/1532"}],"collection":[{"href":"https:\/\/www.hidrocentro.cl\/sanpedro\/wp-json\/wp\/v2\/product"}],"about":[{"href":"https:\/\/www.hidrocentro.cl\/sanpedro\/wp-json\/wp\/v2\/types\/product"}],"replies":[{"embeddable":true,"href":"https:\/\/www.hidrocentro.cl\/sanpedro\/wp-json\/wp\/v2\/comments?post=1532"}],"wp:featuredmedia":[{"embeddable":true,"href":"https:\/\/www.hidrocentro.cl\/sanpedro\/wp-json\/wp\/v2\/media\/13641"}],"wp:attachment":[{"href":"https:\/\/www.hidrocentro.cl\/sanpedro\/wp-json\/wp\/v2\/media?parent=1532"}],"curies":[{"name":"wp","href":"https:\/\/api.w.org\/{rel}","templated":true}]}}