{"id":1541,"date":"2021-02-05T01:14:22","date_gmt":"2021-02-05T01:14:22","guid":{"rendered":"http:\/\/157.90.21.123\/wordpress\/parent-site-products\/producto\/bomba-sum-pedr-top1-0-33hp-220v-1-koslan\/"},"modified":"2021-10-24T09:34:03","modified_gmt":"2021-10-24T12:34:03","slug":"bomba-sum-pedr-top1-0-33hp-220v-1-koslan","status":"publish","type":"product","link":"https:\/\/www.hidrocentro.cl\/sanpedro\/producto\/bomba-sum-pedr-top1-0-33hp-220v-1-koslan\/","title":{"rendered":"Bomba Sum. Pedr. Top1 0.33Hp 220V 1 Koslan"},"content":{"rendered":"<ul>\n<li>Modelo \/ Descripci\u00f3n: TOP1<\/li>\n<li>HP: 0.33<\/li>\n<li>Altura max (mts): 7<\/li>\n<li>Caudal Mx: 160<\/li>\n<li>Voltaje: 220V<\/li>\n<li>Amp: 1.3<\/li>\n<li>Diametro: 1 1\/4&#8243;<\/li>\n<li>Certificaci\u00f3n: Curvas certificadas ISO 9906<\/li>\n<li>Eficiencia energ\u00e9tica: S\u00cd<\/li>\n<li>Paso solidos (mm): 10<\/li>\n<\/ul>\n","protected":false},"excerpt":{"rendered":"<p>Modelo \/ Descripci\u00f3n: TOP1 HP: 0.33 Altura max (mts): 7 Caudal Mx: 160 Voltaje: 220V Amp: 1.3 Diametro: 1 1\/4&#8243; Certificaci\u00f3n: Curvas certificadas ISO 9906 Eficiencia energ\u00e9tica: S\u00cd Paso solidos [&hellip;]<\/p>\n","protected":false},"featured_media":13656,"comment_status":"open","ping_status":"closed","template":"","meta":[],"class_list":["post-1541","product","type-product","status-publish","has-post-thumbnail","hentry","product_cat-sumergible-agua-sucia"],"_links":{"self":[{"href":"https:\/\/www.hidrocentro.cl\/sanpedro\/wp-json\/wp\/v2\/product\/1541"}],"collection":[{"href":"https:\/\/www.hidrocentro.cl\/sanpedro\/wp-json\/wp\/v2\/product"}],"about":[{"href":"https:\/\/www.hidrocentro.cl\/sanpedro\/wp-json\/wp\/v2\/types\/product"}],"replies":[{"embeddable":true,"href":"https:\/\/www.hidrocentro.cl\/sanpedro\/wp-json\/wp\/v2\/comments?post=1541"}],"wp:featuredmedia":[{"embeddable":true,"href":"https:\/\/www.hidrocentro.cl\/sanpedro\/wp-json\/wp\/v2\/media\/13656"}],"wp:attachment":[{"href":"https:\/\/www.hidrocentro.cl\/sanpedro\/wp-json\/wp\/v2\/media?parent=1541"}],"curies":[{"name":"wp","href":"https:\/\/api.w.org\/{rel}","templated":true}]}}