{"id":1543,"date":"2021-02-05T01:14:23","date_gmt":"2021-02-05T01:14:23","guid":{"rendered":"http:\/\/157.90.21.123\/wordpress\/parent-site-products\/producto\/bomba-sum-pedr-top-vortex-0-5hp-220v-11-4-koslan\/"},"modified":"2021-10-24T09:36:16","modified_gmt":"2021-10-24T12:36:16","slug":"bomba-sum-pedr-top-vortex-0-5hp-220v-11-4-koslan","status":"publish","type":"product","link":"https:\/\/www.hidrocentro.cl\/sanpedro\/producto\/bomba-sum-pedr-top-vortex-0-5hp-220v-11-4-koslan\/","title":{"rendered":"Bomba Sum. Pedr. Top Vortex 0.5Hp 220V 11\/4 Koslan"},"content":{"rendered":"<ul>\n<li>Modelo \/ Descripci\u00f3n: TOP Vortex<\/li>\n<li>HP: 0.5<\/li>\n<li>Altura max (mts): 7<\/li>\n<li>Caudal Mx: 180<\/li>\n<li>Voltaje: 220V<\/li>\n<li>Amp: 2<\/li>\n<li>Diametro: 1 1\/4&#8243;<\/li>\n<li>Certificaci\u00f3n: Curvas certificadas ISO 9906<\/li>\n<li>Eficiencia energ\u00e9tica: S\u00cd<\/li>\n<li>Paso solidos (mm): 20<\/li>\n<\/ul>\n","protected":false},"excerpt":{"rendered":"<p>Modelo \/ Descripci\u00f3n: TOP Vortex HP: 0.5 Altura max (mts): 7 Caudal Mx: 180 Voltaje: 220V Amp: 2 Diametro: 1 1\/4&#8243; Certificaci\u00f3n: Curvas certificadas ISO 9906 Eficiencia energ\u00e9tica: S\u00cd Paso [&hellip;]<\/p>\n","protected":false},"featured_media":13656,"comment_status":"open","ping_status":"closed","template":"","meta":[],"class_list":["post-1543","product","type-product","status-publish","has-post-thumbnail","hentry","product_cat-sumergible-agua-sucia"],"_links":{"self":[{"href":"https:\/\/www.hidrocentro.cl\/sanpedro\/wp-json\/wp\/v2\/product\/1543"}],"collection":[{"href":"https:\/\/www.hidrocentro.cl\/sanpedro\/wp-json\/wp\/v2\/product"}],"about":[{"href":"https:\/\/www.hidrocentro.cl\/sanpedro\/wp-json\/wp\/v2\/types\/product"}],"replies":[{"embeddable":true,"href":"https:\/\/www.hidrocentro.cl\/sanpedro\/wp-json\/wp\/v2\/comments?post=1543"}],"wp:featuredmedia":[{"embeddable":true,"href":"https:\/\/www.hidrocentro.cl\/sanpedro\/wp-json\/wp\/v2\/media\/13656"}],"wp:attachment":[{"href":"https:\/\/www.hidrocentro.cl\/sanpedro\/wp-json\/wp\/v2\/media?parent=1543"}],"curies":[{"name":"wp","href":"https:\/\/api.w.org\/{rel}","templated":true}]}}