{"id":1546,"date":"2021-02-05T01:14:23","date_gmt":"2021-02-05T01:14:23","guid":{"rendered":"http:\/\/157.90.21.123\/wordpress\/parent-site-products\/producto\/bomba-sum-pedr-top3-0-7hp-220v-11-4-koslan\/"},"modified":"2021-10-24T09:35:36","modified_gmt":"2021-10-24T12:35:36","slug":"bomba-sum-pedr-top3-0-7hp-220v-11-4-koslan","status":"publish","type":"product","link":"https:\/\/www.hidrocentro.cl\/sanpedro\/producto\/bomba-sum-pedr-top3-0-7hp-220v-11-4-koslan\/","title":{"rendered":"Bomba Sum. Pedr. Top3 0.7Hp 220V 11\/4 Koslan"},"content":{"rendered":"<ul>\n<li>Modelo \/ Descripci\u00f3n: TOP3<\/li>\n<li>HP: 0.75<\/li>\n<li>Altura max (mts): 10<\/li>\n<li>Caudal Mx: 260<\/li>\n<li>Voltaje: 220V<\/li>\n<li>Amp: 3.2<\/li>\n<li>Diametro: 1 1\/4&#8243;<\/li>\n<li>Certificaci\u00f3n: Curvas certificadas ISO 9906<\/li>\n<li>Eficiencia energ\u00e9tica: S\u00cd<\/li>\n<li>Paso solidos (mm): 10<\/li>\n<\/ul>\n","protected":false},"excerpt":{"rendered":"<p>Modelo \/ Descripci\u00f3n: TOP3 HP: 0.75 Altura max (mts): 10 Caudal Mx: 260 Voltaje: 220V Amp: 3.2 Diametro: 1 1\/4&#8243; Certificaci\u00f3n: Curvas certificadas ISO 9906 Eficiencia energ\u00e9tica: S\u00cd Paso solidos [&hellip;]<\/p>\n","protected":false},"featured_media":13656,"comment_status":"open","ping_status":"closed","template":"","meta":[],"class_list":["post-1546","product","type-product","status-publish","has-post-thumbnail","hentry","product_cat-sumergible-agua-sucia"],"_links":{"self":[{"href":"https:\/\/www.hidrocentro.cl\/sanpedro\/wp-json\/wp\/v2\/product\/1546"}],"collection":[{"href":"https:\/\/www.hidrocentro.cl\/sanpedro\/wp-json\/wp\/v2\/product"}],"about":[{"href":"https:\/\/www.hidrocentro.cl\/sanpedro\/wp-json\/wp\/v2\/types\/product"}],"replies":[{"embeddable":true,"href":"https:\/\/www.hidrocentro.cl\/sanpedro\/wp-json\/wp\/v2\/comments?post=1546"}],"wp:featuredmedia":[{"embeddable":true,"href":"https:\/\/www.hidrocentro.cl\/sanpedro\/wp-json\/wp\/v2\/media\/13656"}],"wp:attachment":[{"href":"https:\/\/www.hidrocentro.cl\/sanpedro\/wp-json\/wp\/v2\/media?parent=1546"}],"curies":[{"name":"wp","href":"https:\/\/api.w.org\/{rel}","templated":true}]}}