{"id":18750,"date":"2025-11-19T15:46:14","date_gmt":"2025-11-19T18:46:14","guid":{"rendered":"https:\/\/www.hidrocentro.cl\/sanpedro\/?post_type=product&#038;p=18750"},"modified":"2025-12-02T13:18:01","modified_gmt":"2025-12-02T16:18:01","slug":"fosa-septicas-horizontal-6500-l-amerplast","status":"publish","type":"product","link":"https:\/\/www.hidrocentro.cl\/sanpedro\/producto\/fosa-septicas-horizontal-6500-l-amerplast\/","title":{"rendered":"FOSA SEPTICAS HORIZONTAL 6500 L AMERPLAST"},"content":{"rendered":"<div id=\"div_block-31-79\" class=\"ct-div-block\">\n<div id=\"text_block-33-79\" class=\"ct-text-block\"><em>Informaci\u00f3n del proveedor<\/em><br \/>\nCAPACIDAD DE CARGA<\/div>\n<div id=\"text_block-34-79\" class=\"ct-text-block\">\n<p>20 personas seg\u00fan dotaci\u00f3n de 250 Lts\/hab\/d\u00eda<\/p>\n<p>33 personas seg\u00fan dotaci\u00f3n de 150 Lts\/hab\/d\u00eda<\/p>\n<p>_____________________________________<\/p>\n<div id=\"div_block-39-79\" class=\"ct-div-block\">\n<div id=\"text_block-40-79\" class=\"ct-text-block\">DIMENSIONES<\/div>\n<div id=\"text_block-41-79\" class=\"ct-text-block\">\n<p>Largo : 4.805 mm<\/p>\n<p>Ancho : 1.400 mm<\/p>\n<p>Alto : 1.500 mm<\/p>\n<p>Volumen total: 7.100 Lts<br \/>\nvolumen \u00fatil: 6.300 Lts<br \/>\n______________________________________<\/p>\n<div id=\"div_block-36-79\" class=\"ct-div-block\">\n<div id=\"text_block-37-79\" class=\"ct-text-block\">CARACTER\u00cdSTICAS<\/div>\n<div id=\"text_block-38-79\" class=\"ct-text-block\">\n<ul>\n<li>Monoblock.<\/li>\n<li>Fabricado en polietileno 100% virgen.<\/li>\n<li>Entradas y salidas en PVC 110 mm.<\/li>\n<li>Tapa de acceso de 500 mm.<\/li>\n<li>Modelo corrugado para una mayor resistencia.<\/li>\n<li>Material imputrescible.<\/li>\n<li>Resistente al paso del tiempo (duradero).<\/li>\n<li>Fiables en cualquier tipo de terreno.<\/li>\n<li>F\u00e1cil mantenci\u00f3n.<\/li>\n<li>Cumplen con la Normativa vigente.<\/li>\n<li>100 % reciclables.<\/li>\n<li>Tratamiento sin necesidad de energ\u00eda.<\/li>\n<\/ul>\n<\/div>\n<\/div>\n<\/div>\n<\/div>\n<\/div>\n<\/div>\n","protected":false},"excerpt":{"rendered":"<p>Informaci\u00f3n del proveedor CAPACIDAD DE CARGA 20 personas seg\u00fan dotaci\u00f3n de 250 Lts\/hab\/d\u00eda 33 personas seg\u00fan dotaci\u00f3n de 150 Lts\/hab\/d\u00eda _____________________________________ DIMENSIONES Largo : 4.805 mm Ancho : 1.400 mm [&hellip;]<\/p>\n","protected":false},"featured_media":18752,"comment_status":"open","ping_status":"closed","template":"","meta":[],"class_list":["post-18750","product","type-product","status-publish","has-post-thumbnail","hentry","product_cat-estanques-y-fosas","product_cat-fosas"],"_links":{"self":[{"href":"https:\/\/www.hidrocentro.cl\/sanpedro\/wp-json\/wp\/v2\/product\/18750"}],"collection":[{"href":"https:\/\/www.hidrocentro.cl\/sanpedro\/wp-json\/wp\/v2\/product"}],"about":[{"href":"https:\/\/www.hidrocentro.cl\/sanpedro\/wp-json\/wp\/v2\/types\/product"}],"replies":[{"embeddable":true,"href":"https:\/\/www.hidrocentro.cl\/sanpedro\/wp-json\/wp\/v2\/comments?post=18750"}],"wp:featuredmedia":[{"embeddable":true,"href":"https:\/\/www.hidrocentro.cl\/sanpedro\/wp-json\/wp\/v2\/media\/18752"}],"wp:attachment":[{"href":"https:\/\/www.hidrocentro.cl\/sanpedro\/wp-json\/wp\/v2\/media?parent=18750"}],"curies":[{"name":"wp","href":"https:\/\/api.w.org\/{rel}","templated":true}]}}