{"id":6967,"date":"2021-02-05T01:41:49","date_gmt":"2021-02-05T01:41:49","guid":{"rendered":"http:\/\/157.90.21.123\/wordpress\/parent-site-products\/producto\/camara-desgrasadora-170-l-amerplast\/"},"modified":"2025-12-06T19:05:50","modified_gmt":"2025-12-06T22:05:50","slug":"camara-desgrasadora-170-l-amerplast","status":"publish","type":"product","link":"https:\/\/www.hidrocentro.cl\/sanpedro\/producto\/camara-desgrasadora-170-l-amerplast\/","title":{"rendered":"C\u00e1mara Desgrasadora 170 L Amerplast"},"content":{"rendered":"<div id=\"div_block-97-79\" class=\"ct-div-block\">\n<div id=\"div_block-39-79\" class=\"ct-div-block\">\n<div id=\"text_block-40-79\" class=\"ct-text-block\">DIMENSIONES<\/div>\n<div id=\"text_block-41-79\" class=\"ct-text-block\">\n<p>Alto : 600 mm<br \/>\nDi\u00e1metro : 607 mm<br \/>\nTipo tapa: Rosca 600 mm<\/p>\n<\/div>\n<\/div>\n<div id=\"div_block-36-79\" class=\"ct-div-block\">\n<div id=\"text_block-37-79\" class=\"ct-text-block\">CARACTER\u00cdSTICAS<\/div>\n<div id=\"text_block-38-79\" class=\"ct-text-block\">\n<ul>\n<li>C\u00e1mara desgrasadora con 1 entrada y 1 salida.<\/li>\n<li>Codos en PVC 110 mm para entrada y salida.<\/li>\n<li>Sellos de goma de 110 mm.<\/li>\n<\/ul>\n<\/div>\n<\/div>\n<\/div>\n","protected":false},"excerpt":{"rendered":"<p>DIMENSIONES Alto : 600 mm Di\u00e1metro : 607 mm Tipo tapa: Rosca 600 mm CARACTER\u00cdSTICAS C\u00e1mara desgrasadora con 1 entrada y 1 salida. Codos en PVC 110 mm para entrada [&hellip;]<\/p>\n","protected":false},"featured_media":19300,"comment_status":"open","ping_status":"closed","template":"","meta":[],"class_list":["post-6967","product","type-product","status-publish","has-post-thumbnail","hentry","product_cat-camaras-para-fosas"],"_links":{"self":[{"href":"https:\/\/www.hidrocentro.cl\/sanpedro\/wp-json\/wp\/v2\/product\/6967"}],"collection":[{"href":"https:\/\/www.hidrocentro.cl\/sanpedro\/wp-json\/wp\/v2\/product"}],"about":[{"href":"https:\/\/www.hidrocentro.cl\/sanpedro\/wp-json\/wp\/v2\/types\/product"}],"replies":[{"embeddable":true,"href":"https:\/\/www.hidrocentro.cl\/sanpedro\/wp-json\/wp\/v2\/comments?post=6967"}],"wp:featuredmedia":[{"embeddable":true,"href":"https:\/\/www.hidrocentro.cl\/sanpedro\/wp-json\/wp\/v2\/media\/19300"}],"wp:attachment":[{"href":"https:\/\/www.hidrocentro.cl\/sanpedro\/wp-json\/wp\/v2\/media?parent=6967"}],"curies":[{"name":"wp","href":"https:\/\/api.w.org\/{rel}","templated":true}]}}