{"id":6981,"date":"2021-02-05T01:41:53","date_gmt":"2021-02-05T01:41:53","guid":{"rendered":"http:\/\/157.90.21.123\/wordpress\/parent-site-products\/producto\/camara-de-inspeccion-amerplast\/"},"modified":"2026-01-26T10:25:09","modified_gmt":"2026-01-26T13:25:09","slug":"camara-de-inspeccion-amerplast","status":"publish","type":"product","link":"https:\/\/www.hidrocentro.cl\/sanpedro\/producto\/camara-de-inspeccion-amerplast\/","title":{"rendered":"C\u00e1mara De Inspeccion Amerplast"},"content":{"rendered":"<div id=\"div_block-97-79\" class=\"ct-div-block\">\n<div id=\"div_block-39-79\" class=\"ct-div-block\">\n<div id=\"text_block-40-79\" class=\"ct-text-block\">DIMENSIONES<\/div>\n<div id=\"text_block-41-79\" class=\"ct-text-block\">\n<p>Altura: 320 mm<br \/>\nDi\u00e1metro: 600 mm<br \/>\nTipo tapa: sobrepuesta (di\u00e1metro 600 mm x alto 60 mm)<\/p>\n<\/div>\n<\/div>\n<div id=\"div_block-36-79\" class=\"ct-div-block\">\n<div id=\"text_block-37-79\" class=\"ct-text-block\">CARACTER\u00cdSTICAS<\/div>\n<div id=\"text_block-38-79\" class=\"ct-text-block\">\n<ul>\n<li>Fabricado en Polietileno 100% Virgen<\/li>\n<li>C\u00e1mara con 5 entradas y una salida (no perforadas para una mayor flexibilidad)<\/li>\n<li>4 Sellos de goma de 110 mm.<\/li>\n<li>Entradas y salidas para tuber\u00eda PVC 110 mm.<\/li>\n<\/ul>\n<\/div>\n<\/div>\n<\/div>\n","protected":false},"excerpt":{"rendered":"<p>DIMENSIONES Altura: 320 mm Di\u00e1metro: 600 mm Tipo tapa: sobrepuesta (di\u00e1metro 600 mm x alto 60 mm) CARACTER\u00cdSTICAS Fabricado en Polietileno 100% Virgen C\u00e1mara con 5 entradas y una salida [&hellip;]<\/p>\n","protected":false},"featured_media":19302,"comment_status":"open","ping_status":"closed","template":"","meta":[],"class_list":["post-6981","product","type-product","status-publish","has-post-thumbnail","hentry","product_cat-camaras-para-fosas"],"_links":{"self":[{"href":"https:\/\/www.hidrocentro.cl\/sanpedro\/wp-json\/wp\/v2\/product\/6981"}],"collection":[{"href":"https:\/\/www.hidrocentro.cl\/sanpedro\/wp-json\/wp\/v2\/product"}],"about":[{"href":"https:\/\/www.hidrocentro.cl\/sanpedro\/wp-json\/wp\/v2\/types\/product"}],"replies":[{"embeddable":true,"href":"https:\/\/www.hidrocentro.cl\/sanpedro\/wp-json\/wp\/v2\/comments?post=6981"}],"wp:featuredmedia":[{"embeddable":true,"href":"https:\/\/www.hidrocentro.cl\/sanpedro\/wp-json\/wp\/v2\/media\/19302"}],"wp:attachment":[{"href":"https:\/\/www.hidrocentro.cl\/sanpedro\/wp-json\/wp\/v2\/media?parent=6981"}],"curies":[{"name":"wp","href":"https:\/\/api.w.org\/{rel}","templated":true}]}}