{"id":7508,"date":"2021-02-05T01:45:07","date_gmt":"2021-02-05T01:45:07","guid":{"rendered":"http:\/\/157.90.21.123\/wordpress\/parent-site-products\/producto\/fosa-septicas-horizontal-3500-l-amerplast\/"},"modified":"2025-12-02T13:28:40","modified_gmt":"2025-12-02T16:28:40","slug":"fosa-septicas-horizontal-3500-l-amerplast","status":"publish","type":"product","link":"https:\/\/www.hidrocentro.cl\/sanpedro\/producto\/fosa-septicas-horizontal-3500-l-amerplast\/","title":{"rendered":"Fosa S\u00e9pticas Horizontal 3500 L Amerplast"},"content":{"rendered":"<div id=\"div_block-31-79\" class=\"ct-div-block\">\n<div id=\"text_block-33-79\" class=\"ct-text-block\">CAPACIDAD DE CARGA<\/div>\n<div id=\"text_block-34-79\" class=\"ct-text-block\">\n<p>10 personas seg\u00fan dotaci\u00f3n de 250 Lts\/hab\/d\u00eda (vivienda)<\/p>\n<p>17 personas seg\u00fan dotaci\u00f3n de 150 Lts\/hab\/d\u00eda (industria)<\/p>\n<\/div>\n<\/div>\n<div id=\"div_block-97-79\" class=\"ct-div-block\">\n<div id=\"div_block-64-79\" class=\"ct-div-block\">\n<div id=\"text_block-65-79\" class=\"ct-text-block\">CAPACIDAD DE CONTENCI\u00d3N<\/div>\n<div id=\"text_block-66-79\" class=\"ct-text-block\">\n<p>Volumen total: 3.500 Lts<br \/>\nVolumen \u00fatil: 3.300 Lts<\/p>\n<\/div>\n<\/div>\n<div id=\"div_block-39-79\" class=\"ct-div-block\">\n<div id=\"text_block-40-79\" class=\"ct-text-block\">DIMENSIONES<\/div>\n<div id=\"text_block-41-79\" class=\"ct-text-block\">\n<ul>\n<li>Largo : 2.595 mm<\/li>\n<li>Alto : 1.500 mm<\/li>\n<li>Di\u00e1metro : 1.290 mm<\/li>\n<\/ul>\n<\/div>\n<\/div>\n<\/div>\n","protected":false},"excerpt":{"rendered":"<p>CAPACIDAD DE CARGA 10 personas seg\u00fan dotaci\u00f3n de 250 Lts\/hab\/d\u00eda (vivienda) 17 personas seg\u00fan dotaci\u00f3n de 150 Lts\/hab\/d\u00eda (industria) CAPACIDAD DE CONTENCI\u00d3N Volumen total: 3.500 Lts Volumen \u00fatil: 3.300 Lts [&hellip;]<\/p>\n","protected":false},"featured_media":19308,"comment_status":"open","ping_status":"closed","template":"","meta":[],"class_list":["post-7508","product","type-product","status-publish","has-post-thumbnail","hentry","product_cat-fosas"],"_links":{"self":[{"href":"https:\/\/www.hidrocentro.cl\/sanpedro\/wp-json\/wp\/v2\/product\/7508"}],"collection":[{"href":"https:\/\/www.hidrocentro.cl\/sanpedro\/wp-json\/wp\/v2\/product"}],"about":[{"href":"https:\/\/www.hidrocentro.cl\/sanpedro\/wp-json\/wp\/v2\/types\/product"}],"replies":[{"embeddable":true,"href":"https:\/\/www.hidrocentro.cl\/sanpedro\/wp-json\/wp\/v2\/comments?post=7508"}],"wp:featuredmedia":[{"embeddable":true,"href":"https:\/\/www.hidrocentro.cl\/sanpedro\/wp-json\/wp\/v2\/media\/19308"}],"wp:attachment":[{"href":"https:\/\/www.hidrocentro.cl\/sanpedro\/wp-json\/wp\/v2\/media?parent=7508"}],"curies":[{"name":"wp","href":"https:\/\/api.w.org\/{rel}","templated":true}]}}