{"id":7681,"date":"2021-02-05T01:46:11","date_gmt":"2021-02-05T04:46:11","guid":{"rendered":"http:\/\/157.90.21.123\/wordpress\/parent-site-products\/producto\/kit-completo-para-fosa-1200-amerplast\/"},"modified":"2026-03-04T15:34:16","modified_gmt":"2026-03-04T18:34:16","slug":"kit-completo-para-fosa-1200-amerplast","status":"publish","type":"product","link":"https:\/\/www.hidrocentro.cl\/sanpedro\/producto\/kit-completo-para-fosa-1200-amerplast\/","title":{"rendered":"Kit Completo Para Fosa 1200 Amerplast"},"content":{"rendered":"<div id=\"text_block-38-79\" class=\"ct-text-block\">\n<p>Incluye<\/p>\n<ul>\n<li>1 c\u00e1mara desgrasadora 100 Lts.<\/li>\n<li>1 c\u00e1mara de inspecci\u00f3n.<\/li>\n<li>1 distribuidor de drenes 100 Lts.<\/li>\n<li>15 m de geotextil (0,8 m de ancho).<\/li>\n<li>15 m de tuber\u00eda de drenaje corrugada de 110 mm.<\/li>\n<\/ul>\n<\/div>\n","protected":false},"excerpt":{"rendered":"<p>Incluye 1 c\u00e1mara desgrasadora 100 Lts. 1 c\u00e1mara de inspecci\u00f3n. 1 distribuidor de drenes 100 Lts. 15 m de geotextil (0,8 m de ancho). 15 m de tuber\u00eda de drenaje [&hellip;]<\/p>\n","protected":false},"featured_media":19315,"comment_status":"open","ping_status":"closed","template":"","meta":[],"class_list":["post-7681","product","type-product","status-publish","has-post-thumbnail","hentry","product_cat-camaras-para-fosas"],"_links":{"self":[{"href":"https:\/\/www.hidrocentro.cl\/sanpedro\/wp-json\/wp\/v2\/product\/7681"}],"collection":[{"href":"https:\/\/www.hidrocentro.cl\/sanpedro\/wp-json\/wp\/v2\/product"}],"about":[{"href":"https:\/\/www.hidrocentro.cl\/sanpedro\/wp-json\/wp\/v2\/types\/product"}],"replies":[{"embeddable":true,"href":"https:\/\/www.hidrocentro.cl\/sanpedro\/wp-json\/wp\/v2\/comments?post=7681"}],"wp:featuredmedia":[{"embeddable":true,"href":"https:\/\/www.hidrocentro.cl\/sanpedro\/wp-json\/wp\/v2\/media\/19315"}],"wp:attachment":[{"href":"https:\/\/www.hidrocentro.cl\/sanpedro\/wp-json\/wp\/v2\/media?parent=7681"}],"curies":[{"name":"wp","href":"https:\/\/api.w.org\/{rel}","templated":true}]}}